{"id":746,"date":"2016-04-18T17:56:17","date_gmt":"2016-04-18T17:56:17","guid":{"rendered":"https:\/\/emanpackaging.com\/lo-que-nos-distingue\/?lang=fr"},"modified":"2024-07-24T08:49:26","modified_gmt":"2024-07-24T08:49:26","slug":"lo-que-nos-distingue","status":"publish","type":"page","link":"https:\/\/emanpackaging.com\/fr\/lo-que-nos-distingue\/","title":{"rendered":"Lo que nos distingue"},"content":{"rendered":"<p><div class=\"fusion-fullwidth fullwidth-box fusion-builder-row-1 nonhundred-percent-fullwidth non-hundred-percent-height-scrolling\" style=\"--awb-background-position:left top;--awb-border-radius-top-left:0px;--awb-border-radius-top-right:0px;--awb-border-radius-bottom-right:0px;--awb-border-radius-bottom-left:0px;--awb-padding-top:20px;--awb-padding-bottom:20px;--awb-border-sizes-top:0px;--awb-border-sizes-bottom:0px;--awb-flex-wrap:wrap;\" ><div class=\"fusion-builder-row fusion-row\"><div class=\"fusion-layout-column fusion_builder_column fusion-builder-column-0 fusion_builder_column_1_4 1_4 fusion-one-fourth fusion-column-first\" style=\"--awb-bg-size:cover;width:22%; margin-right: 4%;\"><div class=\"fusion-column-wrapper fusion-flex-column-wrapper-legacy\"><div class=\"fusion-image-element in-legacy-container\" style=\"--awb-caption-title-font-family:var(--h2_typography-font-family);--awb-caption-title-font-weight:var(--h2_typography-font-weight);--awb-caption-title-font-style:var(--h2_typography-font-style);--awb-caption-title-size:var(--h2_typography-font-size);--awb-caption-title-transform:var(--h2_typography-text-transform);--awb-caption-title-line-height:var(--h2_typography-line-height);--awb-caption-title-letter-spacing:var(--h2_typography-letter-spacing);\"><span class=\" fusion-imageframe imageframe-none imageframe-1 hover-type-none\"><img decoding=\"async\" width=\"230\" height=\"152\" title=\"sostenibilidad-y-medio-ambiente\" src=\"https:\/\/emanpackaging.com\/wp-content\/uploads\/2016\/04\/sostenibilidad-y-medio-ambiente.jpg\" alt class=\"img-responsive wp-image-9276\"\/><\/span><\/div><div class=\"fusion-sep-clear\"><\/div><div class=\"fusion-separator fusion-full-width-sep\" style=\"margin-left: auto;margin-right: auto;margin-top:20px;width:100%;\"><\/div><div class=\"fusion-sep-clear\"><\/div><div class=\"fusion-text fusion-text-1\"><h2 style=\"text-align: left;\">Durabilit\u00e9 et environnement<\/h2>\n<p>Tous nos cartons sont issus de for\u00eats durables, de for\u00eats de culture dont l\u2019utilisation et le renouvellement sont continus. L\u2019utilisation de l\u2019eau dans notre industrie est minime et nous veillons \u00e0 nos politiques de recyclage et de r\u00e9utilisation au maximum.<\/p>\n<p>Si vous souhaitez en savoir plus sur la durabilit\u00e9 et le cycle du carton, <a title=\"PDF Ciclo del Cart\u00f3n\" href=\"http:\/\/www.eman.es\/archivos_web\/doc-75.pdf\" target=\"_blank\" rel=\"noopener\">cliquez sur le lien suivant et t\u00e9l\u00e9chargez le PDF \u00bb<\/a><\/p>\n<\/div><div class=\"fusion-clearfix\"><\/div><\/div><\/div><div class=\"fusion-layout-column fusion_builder_column fusion-builder-column-1 fusion_builder_column_1_4 1_4 fusion-one-fourth\" style=\"--awb-bg-size:cover;width:22%; margin-right: 4%;\"><div class=\"fusion-column-wrapper fusion-flex-column-wrapper-legacy\"><div class=\"fusion-image-element in-legacy-container\" style=\"--awb-caption-title-font-family:var(--h2_typography-font-family);--awb-caption-title-font-weight:var(--h2_typography-font-weight);--awb-caption-title-font-style:var(--h2_typography-font-style);--awb-caption-title-size:var(--h2_typography-font-size);--awb-caption-title-transform:var(--h2_typography-text-transform);--awb-caption-title-line-height:var(--h2_typography-line-height);--awb-caption-title-letter-spacing:var(--h2_typography-letter-spacing);\"><span class=\" fusion-imageframe imageframe-none imageframe-2 hover-type-none\"><img decoding=\"async\" width=\"230\" height=\"152\" title=\"valor-personas\" src=\"https:\/\/emanpackaging.com\/wp-content\/uploads\/2016\/04\/valor-personas.jpg\" alt class=\"img-responsive wp-image-9279\"\/><\/span><\/div><div class=\"fusion-sep-clear\"><\/div><div class=\"fusion-separator fusion-full-width-sep\" style=\"margin-left: auto;margin-right: auto;margin-top:20px;width:100%;\"><\/div><div class=\"fusion-sep-clear\"><\/div><div class=\"fusion-text fusion-text-2\"><h2 style=\"text-align: left;\">La valeur des personnes<\/h2>\n<p>Nous qualifions le rapport avec nos clients comme un accord de collaboration permanente, bas\u00e9 sur la confiance apport\u00e9e par la plus grande qualification de nos professionnels.<\/p>\n<p>Notre enjeu est de faire la diff\u00e9rence gr\u00e2ce \u00e0 la qualit\u00e9 de nos services, tant sur le plan technique que sur le plan humain.<\/p>\n<p>Nous nous adaptons au produit de notre partenaire &#8211; client.<\/p>\n<\/div><div class=\"fusion-clearfix\"><\/div><\/div><\/div><div class=\"fusion-layout-column fusion_builder_column fusion-builder-column-2 fusion_builder_column_1_4 1_4 fusion-one-fourth\" style=\"--awb-bg-size:cover;width:22%; margin-right: 4%;\"><div class=\"fusion-column-wrapper fusion-flex-column-wrapper-legacy\"><div class=\"fusion-image-element in-legacy-container\" style=\"--awb-caption-title-font-family:var(--h2_typography-font-family);--awb-caption-title-font-weight:var(--h2_typography-font-weight);--awb-caption-title-font-style:var(--h2_typography-font-style);--awb-caption-title-size:var(--h2_typography-font-size);--awb-caption-title-transform:var(--h2_typography-text-transform);--awb-caption-title-line-height:var(--h2_typography-line-height);--awb-caption-title-letter-spacing:var(--h2_typography-letter-spacing);\"><span class=\" fusion-imageframe imageframe-none imageframe-3 hover-type-none\"><img decoding=\"async\" width=\"230\" height=\"152\" title=\"aportamos\" src=\"https:\/\/emanpackaging.com\/wp-content\/uploads\/2016\/04\/aportamos.jpg\" alt class=\"img-responsive wp-image-9282\"\/><\/span><\/div><div class=\"fusion-sep-clear\"><\/div><div class=\"fusion-separator fusion-full-width-sep\" style=\"margin-left: auto;margin-right: auto;margin-top:20px;width:100%;\"><\/div><div class=\"fusion-sep-clear\"><\/div><div class=\"fusion-text fusion-text-3\"><h2>Nous apportons<\/h2>\n<p>Nous apportons des id\u00e9es, des concepts, des connaissances, nous prot\u00e9geons et dynamisons vos produits, nous vous accompagnons o\u00f9 que vous alliez.<\/p>\n<p>Des \u00e9l\u00e9ments simples et naturels mais forts de messages en eux-m\u00eames.<\/p>\n<p>Nous collaborons \u00e0 ce que vos produits suscitent des \u00e9motions et attirent par eux-m\u00eames.<\/p>\n<\/div><div class=\"fusion-clearfix\"><\/div><\/div><\/div><div class=\"fusion-layout-column fusion_builder_column fusion-builder-column-3 fusion_builder_column_1_4 1_4 fusion-one-fourth fusion-column-last\" style=\"--awb-bg-size:cover;width:22%;\"><div class=\"fusion-column-wrapper fusion-flex-column-wrapper-legacy\"><div class=\"fusion-image-element in-legacy-container\" style=\"--awb-caption-title-font-family:var(--h2_typography-font-family);--awb-caption-title-font-weight:var(--h2_typography-font-weight);--awb-caption-title-font-style:var(--h2_typography-font-style);--awb-caption-title-size:var(--h2_typography-font-size);--awb-caption-title-transform:var(--h2_typography-text-transform);--awb-caption-title-line-height:var(--h2_typography-line-height);--awb-caption-title-letter-spacing:var(--h2_typography-letter-spacing);\"><span class=\" fusion-imageframe imageframe-none imageframe-4 hover-type-none\"><img decoding=\"async\" width=\"230\" height=\"152\" title=\"servicios-adicionales\" src=\"https:\/\/emanpackaging.com\/wp-content\/uploads\/2016\/04\/servicios-adicionales.jpg\" alt class=\"img-responsive wp-image-9285\"\/><\/span><\/div><div class=\"fusion-sep-clear\"><\/div><div class=\"fusion-separator fusion-full-width-sep\" style=\"margin-left: auto;margin-right: auto;margin-top:20px;width:100%;\"><\/div><div class=\"fusion-sep-clear\"><\/div><div class=\"fusion-text fusion-text-4\"><h2>Sevices additionels<\/h2>\n<p>Etre au point parfait et dans la quantit\u00e9 n\u00e9cessaire.<\/p>\n<p>Notre service ne s\u2019ach\u00e8ve pas avec le produit mais il coexiste avec lui.<\/p>\n<p>Car, nous partageons avec nos clients des probl\u00e8mes communs de logistique et nous apportons des solutions innovatrices pour les r\u00e9soudre.<\/p>\n<\/div><div class=\"fusion-clearfix\"><\/div><\/div><\/div><\/div><\/div><div class=\"fusion-fullwidth fullwidth-box fusion-builder-row-2 hundred-percent-fullwidth non-hundred-percent-height-scrolling\" style=\"--awb-border-radius-top-left:0px;--awb-border-radius-top-right:0px;--awb-border-radius-bottom-right:0px;--awb-border-radius-bottom-left:0px;--awb-overflow:visible;--awb-flex-wrap:wrap;\" ><div class=\"fusion-builder-row fusion-row\"><div class=\"fusion-layout-column fusion_builder_column fusion-builder-column-4 fusion_builder_column_1_1 1_1 fusion-one-full fusion-column-first fusion-column-last fusion-column-no-min-height\" style=\"--awb-bg-size:cover;--awb-margin-bottom:0px;\"><div class=\"fusion-column-wrapper fusion-flex-column-wrapper-legacy\"><div class=\"fusion-image-element in-legacy-container\" style=\"--awb-caption-title-font-family:var(--h2_typography-font-family);--awb-caption-title-font-weight:var(--h2_typography-font-weight);--awb-caption-title-font-style:var(--h2_typography-font-style);--awb-caption-title-size:var(--h2_typography-font-size);--awb-caption-title-transform:var(--h2_typography-text-transform);--awb-caption-title-line-height:var(--h2_typography-line-height);--awb-caption-title-letter-spacing:var(--h2_typography-letter-spacing);\"><span class=\" fusion-imageframe imageframe-none imageframe-5 hover-type-none\"> <img alt=\"\" class=\"img-responsive\"\/><\/span><\/div><div class=\"fusion-clearfix\"><\/div><\/div><\/div><\/div><\/div><\/p>\n","protected":false},"excerpt":{"rendered":"","protected":false},"author":1,"featured_media":0,"parent":0,"menu_order":0,"comment_status":"closed","ping_status":"closed","template":"","meta":{"_exactmetrics_skip_tracking":false,"_exactmetrics_sitenote_active":false,"_exactmetrics_sitenote_note":"","_exactmetrics_sitenote_category":0,"footnotes":""},"class_list":["post-746","page","type-page","status-publish","hentry"],"_links":{"self":[{"href":"https:\/\/emanpackaging.com\/fr\/wp-json\/wp\/v2\/pages\/746"}],"collection":[{"href":"https:\/\/emanpackaging.com\/fr\/wp-json\/wp\/v2\/pages"}],"about":[{"href":"https:\/\/emanpackaging.com\/fr\/wp-json\/wp\/v2\/types\/page"}],"author":[{"embeddable":true,"href":"https:\/\/emanpackaging.com\/fr\/wp-json\/wp\/v2\/users\/1"}],"replies":[{"embeddable":true,"href":"https:\/\/emanpackaging.com\/fr\/wp-json\/wp\/v2\/comments?post=746"}],"version-history":[{"count":4,"href":"https:\/\/emanpackaging.com\/fr\/wp-json\/wp\/v2\/pages\/746\/revisions"}],"predecessor-version":[{"id":24710,"href":"https:\/\/emanpackaging.com\/fr\/wp-json\/wp\/v2\/pages\/746\/revisions\/24710"}],"wp:attachment":[{"href":"https:\/\/emanpackaging.com\/fr\/wp-json\/wp\/v2\/media?parent=746"}],"curies":[{"name":"wp","href":"https:\/\/api.w.org\/{rel}","templated":true}]}}