{"id":742,"date":"2016-04-18T17:55:20","date_gmt":"2016-04-18T17:55:20","guid":{"rendered":"https:\/\/emanpackaging.com\/home\/?lang=fr"},"modified":"2024-07-24T08:49:29","modified_gmt":"2024-07-24T08:49:29","slug":"home","status":"publish","type":"page","link":"https:\/\/emanpackaging.com\/fr\/","title":{"rendered":"Home"},"content":{"rendered":"<p><div class=\"fusion-fullwidth fullwidth-box fusion-builder-row-1 hundred-percent-fullwidth non-hundred-percent-height-scrolling fusion-equal-height-columns\" style=\"--awb-background-position:center top;--awb-border-radius-top-left:0px;--awb-border-radius-top-right:0px;--awb-border-radius-bottom-right:0px;--awb-border-radius-bottom-left:0px;--awb-padding-top:25px;--awb-padding-right:0px;--awb-padding-bottom:15px;--awb-padding-left:0px;--awb-background-color:#a72089;--awb-border-sizes-top:0px;--awb-border-sizes-bottom:0px;--awb-flex-wrap:wrap;\" ><div class=\"fusion-builder-row fusion-row\"><div class=\"fusion-layout-column fusion_builder_column fusion-builder-column-0 fusion_builder_column_1_1 1_1 fusion-one-full fusion-column-first fusion-column-last fusion-column-no-min-height\" style=\"--awb-bg-size:cover;--awb-margin-bottom:0px;\"><div class=\"fusion-column-wrapper fusion-flex-column-wrapper-legacy\"><div class=\"fusion-text fusion-text-1\"><h2 style=\"text-align: center; font-size: 25px; color: #fff !important; line-height: 100%;\">Soci\u00e9t\u00e9 EMAN sp\u00e9cialis\u00e9e dans la conception d\u2019emballages de haute qualit\u00e9<\/h2>\n<\/div><div class=\"fusion-clearfix\"><\/div><\/div><\/div><\/div><\/div><div class=\"fusion-fullwidth fullwidth-box fusion-builder-row-2 hundred-percent-fullwidth non-hundred-percent-height-scrolling\" style=\"--awb-border-radius-top-left:0px;--awb-border-radius-top-right:0px;--awb-border-radius-bottom-right:0px;--awb-border-radius-bottom-left:0px;--awb-overflow:visible;--awb-flex-wrap:wrap;\" ><div class=\"fusion-builder-row fusion-row\"><div class=\"fusion-layout-column fusion_builder_column fusion-builder-column-1 fusion_builder_column_1_1 1_1 fusion-one-full fusion-column-first fusion-column-last fusion-column-no-min-height\" style=\"--awb-bg-size:cover;--awb-margin-bottom:0px;\"><div class=\"fusion-column-wrapper fusion-flex-column-wrapper-legacy\"><div class=\"fusion-section-separator section-separator triangle fusion-section-separator-1\" style=\"--awb-border-bottom:1px solid #a72089;--awb-spacer-height:1px;--awb-svg-margin-left:0;--awb-svg-margin-right:0;--awb-icon-color:#a72089;\"><div class=\"fusion-section-separator-svg\"><div class=\"divider-candy-arrow bottom\" style=\"top:0px;border-top-color: #a72089;\"><\/div><div class=\"divider-candy bottom\" style=\"bottom:-21px;border-bottom:1px solid #a72089;border-left:1px solid #a72089;\"><\/div><\/div><div class=\"fusion-section-separator-spacer\"><div class=\"fusion-section-separator-spacer-height\"><\/div><\/div><\/div><div class=\"fusion-clearfix\"><\/div><\/div><\/div><\/div><\/div><div class=\"fusion-fullwidth fullwidth-box fusion-builder-row-3 nonhundred-percent-fullwidth non-hundred-percent-height-scrolling\" style=\"--awb-background-position:left top;--awb-border-radius-top-left:0px;--awb-border-radius-top-right:0px;--awb-border-radius-bottom-right:0px;--awb-border-radius-bottom-left:0px;--awb-padding-top:75px;--awb-padding-right:5px;--awb-padding-bottom:30px;--awb-padding-left:5px;--awb-border-sizes-top:0px;--awb-border-sizes-bottom:0px;--awb-flex-wrap:wrap;\" ><div class=\"fusion-builder-row fusion-row\"><div class=\"fusion-layout-column fusion_builder_column fusion-builder-column-2 fusion_builder_column_1_4 1_4 fusion-one-fourth fusion-column-first\" style=\"--awb-bg-size:cover;width:22%; margin-right: 4%;\"><div class=\"fusion-column-wrapper fusion-flex-column-wrapper-legacy\"><div class=\"fusion-title title fusion-title-1 fusion-sep-none fusion-title-text fusion-title-size-three\" style=\"--awb-margin-top-small:10px;--awb-margin-right-small:0px;--awb-margin-bottom-small:10px;--awb-margin-left-small:0px;--awb-sep-color:#3d3d3d;\"><h3 class=\"fusion-title-heading title-heading-left\" style=\"margin:0;\">Emballage<\/h3><\/div><div class=\"fusion-text fusion-text-2\"><p>Eman vous offre une solution int\u00e9grale en emballage de produit. L\u2019entreprise dispose, \u00e0 cette fin, d\u2019une infrastructure solide et moderne et met en \u0153uvre les processus de travail les plus exigeants.<\/p>\n<\/div><div class=\"fusion-image-element in-legacy-container\" style=\"--awb-caption-title-font-family:var(--h2_typography-font-family);--awb-caption-title-font-weight:var(--h2_typography-font-weight);--awb-caption-title-font-style:var(--h2_typography-font-style);--awb-caption-title-size:var(--h2_typography-font-size);--awb-caption-title-transform:var(--h2_typography-text-transform);--awb-caption-title-line-height:var(--h2_typography-line-height);--awb-caption-title-letter-spacing:var(--h2_typography-letter-spacing);\"><span class=\" fusion-imageframe imageframe-none imageframe-1 hover-type-none fusion-animated\" data-animationType=\"zoomInUp\" data-animationDuration=\"1\" data-animationOffset=\"top-into-view\"><a class=\"fusion-no-lightbox\" href=\"https:\/\/emanpackaging.com\/fr\/packaging\/\" target=\"_self\" aria-label=\"packaging\"><img decoding=\"async\" width=\"300\" height=\"199\" src=\"https:\/\/emanpackaging.com\/wp-content\/uploads\/2016\/04\/packaging-3-300x199.jpg\" alt class=\"img-responsive wp-image-9255\"\/><\/a><\/span><\/div><div class=\"fusion-clearfix\"><\/div><\/div><\/div><div class=\"fusion-layout-column fusion_builder_column fusion-builder-column-3 fusion_builder_column_1_4 1_4 fusion-one-fourth\" style=\"--awb-bg-size:cover;width:22%; margin-right: 4%;\"><div class=\"fusion-column-wrapper fusion-flex-column-wrapper-legacy\"><div class=\"fusion-title title fusion-title-2 fusion-sep-none fusion-title-text fusion-title-size-three\" style=\"--awb-margin-top-small:10px;--awb-margin-right-small:0px;--awb-margin-bottom-small:10px;--awb-margin-left-small:0px;--awb-sep-color:#3d3d3d;\"><h3 class=\"fusion-title-heading title-heading-left\" style=\"margin:0;\">Environnement<\/h3><\/div><div class=\"fusion-text fusion-text-3\"><p>Nous partageons avec nos clients une conscience commune, veillant \u00e0 une utilisation rationnelle et efficace des ressources. Nous participons activement au recyclage des mat\u00e9riaux.<\/p>\n<\/div><div class=\"fusion-image-element in-legacy-container\" style=\"--awb-caption-title-font-family:var(--h2_typography-font-family);--awb-caption-title-font-weight:var(--h2_typography-font-weight);--awb-caption-title-font-style:var(--h2_typography-font-style);--awb-caption-title-size:var(--h2_typography-font-size);--awb-caption-title-transform:var(--h2_typography-text-transform);--awb-caption-title-line-height:var(--h2_typography-line-height);--awb-caption-title-letter-spacing:var(--h2_typography-letter-spacing);\"><span class=\" fusion-imageframe imageframe-none imageframe-2 hover-type-none fusion-animated\" data-animationType=\"zoomIn\" data-animationDuration=\"1\" data-animationOffset=\"top-into-view\"><a class=\"fusion-no-lightbox\" href=\"https:\/\/emanpackaging.com\/fr\/lo-que-nos-distingue\/\" target=\"_self\" aria-label=\"medio-ambiente\"><img decoding=\"async\" width=\"300\" height=\"199\" src=\"https:\/\/emanpackaging.com\/wp-content\/uploads\/2016\/04\/medio-ambiente-2-300x199.jpg\" alt class=\"img-responsive wp-image-9261\"\/><\/a><\/span><\/div><div class=\"fusion-clearfix\"><\/div><\/div><\/div><div class=\"fusion-layout-column fusion_builder_column fusion-builder-column-4 fusion_builder_column_1_4 1_4 fusion-one-fourth\" style=\"--awb-bg-size:cover;width:22%; margin-right: 4%;\"><div class=\"fusion-column-wrapper fusion-flex-column-wrapper-legacy\"><div class=\"fusion-title title fusion-title-3 fusion-sep-none fusion-title-text fusion-title-size-three\" style=\"--awb-margin-top-small:10px;--awb-margin-right-small:0px;--awb-margin-bottom-small:10px;--awb-margin-left-small:0px;--awb-sep-color:#3d3d3d;\"><h3 class=\"fusion-title-heading title-heading-left\" style=\"margin:0;\">Groupe Docuworld<\/h3><\/div><div class=\"fusion-text fusion-text-4\"><p>Le Groupe Docu-World a bien pr\u00e9sent, que la meilleure offre graphique, int\u00e9grale et attentive aux besoins des clients, commence par r\u00e9unir les meilleurs sp\u00e9cialistes de chaque domaine.<\/p>\n<\/div><div class=\"fusion-image-element in-legacy-container\" style=\"--awb-caption-title-font-family:var(--h2_typography-font-family);--awb-caption-title-font-weight:var(--h2_typography-font-weight);--awb-caption-title-font-style:var(--h2_typography-font-style);--awb-caption-title-size:var(--h2_typography-font-size);--awb-caption-title-transform:var(--h2_typography-text-transform);--awb-caption-title-line-height:var(--h2_typography-line-height);--awb-caption-title-letter-spacing:var(--h2_typography-letter-spacing);\"><span class=\" fusion-imageframe imageframe-none imageframe-3 hover-type-none fusion-animated\" data-animationType=\"zoomIn\" data-animationDuration=\"1\" data-animationOffset=\"top-into-view\"><a class=\"fusion-no-lightbox\" href=\"http:\/\/www.docu-world.com\/\" target=\"_blank\" aria-label=\"grupo-docuworld\" rel=\"noopener noreferrer\"><img decoding=\"async\" width=\"300\" height=\"199\" src=\"https:\/\/emanpackaging.com\/wp-content\/uploads\/2016\/04\/grupo-docuworld-1-300x199.jpg\" alt class=\"img-responsive wp-image-9258\"\/><\/a><\/span><\/div><div class=\"fusion-clearfix\"><\/div><\/div><\/div><div class=\"fusion-layout-column fusion_builder_column fusion-builder-column-5 fusion_builder_column_1_4 1_4 fusion-one-fourth fusion-column-last\" style=\"--awb-bg-size:cover;width:22%;\"><div class=\"fusion-column-wrapper fusion-flex-column-wrapper-legacy\"><div class=\"fusion-title title fusion-title-4 fusion-title-text fusion-title-size-two\" style=\"--awb-margin-top-small:10px;--awb-margin-right-small:0px;--awb-margin-bottom-small:10px;--awb-margin-left-small:0px;\"><h2 class=\"fusion-title-heading title-heading-left\" style=\"margin:0;\">SECTEURS<\/h2><span class=\"awb-title-spacer\"><\/span><div class=\"title-sep-container\"><div class=\"title-sep sep-single sep-solid\" style=\"border-color:#e0dede;\"><\/div><\/div><\/div><div class=\"accordian fusion-accordian\" style=\"--awb-border-size:1px;--awb-icon-size:16px;--awb-content-font-size:13px;--awb-icon-alignment:left;--awb-hover-color:var(--awb-color2);--awb-border-color:var(--awb-color3);--awb-background-color:var(--awb-color1);--awb-divider-color:#e0dede;--awb-divider-hover-color:#e0dede;--awb-icon-color:var(--awb-color1);--awb-title-color:#333333;--awb-content-color:#747474;--awb-icon-box-color:#333333;--awb-toggle-hover-accent-color:#a72089;--awb-title-font-family:&quot;Roboto&quot;;--awb-title-font-weight:400;--awb-title-font-style:normal;--awb-content-font-family:Arial, Helvetica, sans-serif;--awb-content-font-style:normal;--awb-content-font-weight:400;\"><div class=\"panel-group fusion-toggle-icon-boxed\" id=\"accordion-742-1\"><div class=\"fusion-panel panel-default panel-94cc20eebb7a14f47 fusion-toggle-has-divider\"><div class=\"panel-heading\"><h4 class=\"panel-title toggle\" id=\"toggle_94cc20eebb7a14f47\"><a aria-expanded=\"false\" aria-controls=\"94cc20eebb7a14f47\" role=\"button\" data-toggle=\"collapse\" data-parent=\"#accordion-742-1\" data-target=\"#94cc20eebb7a14f47\" href=\"#94cc20eebb7a14f47\"><span class=\"fusion-toggle-icon-wrapper\" aria-hidden=\"true\"><i class=\"fa-fusion-box active-icon awb-icon-minus\" aria-hidden=\"true\"><\/i><i class=\"fa-fusion-box inactive-icon awb-icon-plus\" aria-hidden=\"true\"><\/i><\/span><span class=\"fusion-toggle-heading\">ALIMENTATION<\/span><\/a><\/h4><\/div><div id=\"94cc20eebb7a14f47\" class=\"panel-collapse collapse \" aria-labelledby=\"toggle_94cc20eebb7a14f47\"><div class=\"panel-body toggle-content fusion-clearfix\">\n<ul>\n<li>Boissons<\/li>\n<li>Conserves<\/li>\n<li>Charcuterie<\/li>\n<li>Produits lact\u00e9s<\/li>\n<li>Plats cuisin\u00e9s<\/li>\n<li>P\u00e2tisseries<\/li>\n<\/ul>\n<\/div><\/div><\/div><div class=\"fusion-panel panel-default panel-f55321fc0dd5a0937 fusion-toggle-has-divider\"><div class=\"panel-heading\"><h4 class=\"panel-title toggle\" id=\"toggle_f55321fc0dd5a0937\"><a aria-expanded=\"false\" aria-controls=\"f55321fc0dd5a0937\" role=\"button\" data-toggle=\"collapse\" data-parent=\"#accordion-742-1\" data-target=\"#f55321fc0dd5a0937\" href=\"#f55321fc0dd5a0937\"><span class=\"fusion-toggle-icon-wrapper\" aria-hidden=\"true\"><i class=\"fa-fusion-box active-icon awb-icon-minus\" aria-hidden=\"true\"><\/i><i class=\"fa-fusion-box inactive-icon awb-icon-plus\" aria-hidden=\"true\"><\/i><\/span><span class=\"fusion-toggle-heading\">INDUSTRIE<\/span><\/a><\/h4><\/div><div id=\"f55321fc0dd5a0937\" class=\"panel-collapse collapse \" aria-labelledby=\"toggle_f55321fc0dd5a0937\"><div class=\"panel-body toggle-content fusion-clearfix\">\n<ul>\n<li>Automobile<\/li>\n<li>Electronique<\/li>\n<li>Textile<\/li>\n<li>Chimie<\/li>\n<li>Cosm\u00e9tique<\/li>\n<\/ul>\n<\/div><\/div><\/div><div class=\"fusion-panel panel-default panel-fa402bb6ee1ddb8ec fusion-toggle-has-divider\"><div class=\"panel-heading\"><h4 class=\"panel-title toggle\" id=\"toggle_fa402bb6ee1ddb8ec\"><a aria-expanded=\"false\" aria-controls=\"fa402bb6ee1ddb8ec\" role=\"button\" data-toggle=\"collapse\" data-parent=\"#accordion-742-1\" data-target=\"#fa402bb6ee1ddb8ec\" href=\"#fa402bb6ee1ddb8ec\"><span class=\"fusion-toggle-icon-wrapper\" aria-hidden=\"true\"><i class=\"fa-fusion-box active-icon awb-icon-minus\" aria-hidden=\"true\"><\/i><i class=\"fa-fusion-box inactive-icon awb-icon-plus\" aria-hidden=\"true\"><\/i><\/span><span class=\"fusion-toggle-heading\">PHARMACIE<\/span><\/a><\/h4><\/div><div id=\"fa402bb6ee1ddb8ec\" class=\"panel-collapse collapse \" aria-labelledby=\"toggle_fa402bb6ee1ddb8ec\"><div class=\"panel-body toggle-content fusion-clearfix\">Nous sommes sp\u00e9cialistes dans l\u2019emballage des produits pharmaceutiques et par l\u2019utilisation de syst\u00e8mes des plus strictes en mati\u00e8re de qualit\u00e9 et de s\u00e9curit\u00e9, nous assurons un produit totalement conforme \u00e0 vos exigences.<\/div><\/div><\/div><div class=\"fusion-panel panel-default panel-2d1f9513258416b90 fusion-toggle-has-divider\"><div class=\"panel-heading\"><h4 class=\"panel-title toggle\" id=\"toggle_2d1f9513258416b90\"><a aria-expanded=\"false\" aria-controls=\"2d1f9513258416b90\" role=\"button\" data-toggle=\"collapse\" data-parent=\"#accordion-742-1\" data-target=\"#2d1f9513258416b90\" href=\"#2d1f9513258416b90\"><span class=\"fusion-toggle-icon-wrapper\" aria-hidden=\"true\"><i class=\"fa-fusion-box active-icon awb-icon-minus\" aria-hidden=\"true\"><\/i><i class=\"fa-fusion-box inactive-icon awb-icon-plus\" aria-hidden=\"true\"><\/i><\/span><span class=\"fusion-toggle-heading\">ARTS GRAPHIQUES<\/span><\/a><\/h4><\/div><div id=\"2d1f9513258416b90\" class=\"panel-collapse collapse \" aria-labelledby=\"toggle_2d1f9513258416b90\"><div class=\"panel-body toggle-content fusion-clearfix\">\n<ul>\n<li>Publicit\u00e9<\/li>\n<li>Marketing &#8211; Publicit\u00e9<\/li>\n<li>Arts Graphiques<\/li>\n<\/ul>\n<\/div><\/div><\/div><\/div><\/div><div class=\"fusion-clearfix\"><\/div><\/div><\/div><\/div><\/div><\/p>\n","protected":false},"excerpt":{"rendered":"","protected":false},"author":1,"featured_media":0,"parent":0,"menu_order":0,"comment_status":"closed","ping_status":"closed","template":"","meta":{"_exactmetrics_skip_tracking":false,"_exactmetrics_sitenote_active":false,"_exactmetrics_sitenote_note":"","_exactmetrics_sitenote_category":0,"footnotes":""},"class_list":["post-742","page","type-page","status-publish","hentry"],"_links":{"self":[{"href":"https:\/\/emanpackaging.com\/fr\/wp-json\/wp\/v2\/pages\/742"}],"collection":[{"href":"https:\/\/emanpackaging.com\/fr\/wp-json\/wp\/v2\/pages"}],"about":[{"href":"https:\/\/emanpackaging.com\/fr\/wp-json\/wp\/v2\/types\/page"}],"author":[{"embeddable":true,"href":"https:\/\/emanpackaging.com\/fr\/wp-json\/wp\/v2\/users\/1"}],"replies":[{"embeddable":true,"href":"https:\/\/emanpackaging.com\/fr\/wp-json\/wp\/v2\/comments?post=742"}],"version-history":[{"count":5,"href":"https:\/\/emanpackaging.com\/fr\/wp-json\/wp\/v2\/pages\/742\/revisions"}],"predecessor-version":[{"id":24717,"href":"https:\/\/emanpackaging.com\/fr\/wp-json\/wp\/v2\/pages\/742\/revisions\/24717"}],"wp:attachment":[{"href":"https:\/\/emanpackaging.com\/fr\/wp-json\/wp\/v2\/media?parent=742"}],"curies":[{"name":"wp","href":"https:\/\/api.w.org\/{rel}","templated":true}]}}