{"id":660,"date":"2016-04-30T11:47:56","date_gmt":"2016-04-30T11:47:56","guid":{"rendered":"https:\/\/emanpackaging.com\/politica-de-calidad-y-medio-ambiente\/?lang=eu"},"modified":"2026-03-25T10:55:50","modified_gmt":"2026-03-25T09:55:50","slug":"politica-de-calidad-y-medio-ambiente","status":"publish","type":"page","link":"https:\/\/emanpackaging.com\/eu\/politica-de-calidad-y-medio-ambiente\/","title":{"rendered":"Pol\u00edtica de Sistemas de Gesti\u00f3n"},"content":{"rendered":"<div class=\"fusion-fullwidth fullwidth-box fusion-builder-row-1 hundred-percent-fullwidth non-hundred-percent-height-scrolling\" style=\"--awb-border-radius-top-left:0px;--awb-border-radius-top-right:0px;--awb-border-radius-bottom-right:0px;--awb-border-radius-bottom-left:0px;--awb-overflow:visible;--awb-padding-right:30px;--awb-padding-left:30px;--awb-flex-wrap:wrap;\" ><div class=\"fusion-builder-row fusion-row\"><div class=\"fusion-layout-column fusion_builder_column fusion-builder-column-0 fusion_builder_column_1_1 1_1 fusion-one-full fusion-column-first fusion-column-last\" style=\"--awb-bg-position:center center;--awb-bg-size:cover;\"><div class=\"fusion-column-wrapper fusion-flex-column-wrapper-legacy\"><div class=\"fusion-column-content-centered\"><div class=\"fusion-column-content\"><div class=\"fusion-image-element fusion-image-align-center in-legacy-container\" style=\"text-align:center;--awb-caption-title-font-family:var(--h2_typography-font-family);--awb-caption-title-font-weight:var(--h2_typography-font-weight);--awb-caption-title-font-style:var(--h2_typography-font-style);--awb-caption-title-size:var(--h2_typography-font-size);--awb-caption-title-transform:var(--h2_typography-text-transform);--awb-caption-title-line-height:var(--h2_typography-line-height);--awb-caption-title-letter-spacing:var(--h2_typography-letter-spacing);\"><div class=\"imageframe-align-center\"><span class=\" fusion-imageframe imageframe-none imageframe-1 hover-type-none\"><img decoding=\"async\" width=\"1200\" height=\"300\" title=\"BOSQUE\" src=\"https:\/\/emanpackaging.com\/wp-content\/uploads\/2021\/09\/BOSQUE.jpg\" alt class=\"img-responsive wp-image-10039\" srcset=\"https:\/\/emanpackaging.com\/wp-content\/uploads\/2021\/09\/BOSQUE-300x75.jpg 300w, https:\/\/emanpackaging.com\/wp-content\/uploads\/2021\/09\/BOSQUE-768x192.jpg 768w, https:\/\/emanpackaging.com\/wp-content\/uploads\/2021\/09\/BOSQUE-1024x256.jpg 1024w, https:\/\/emanpackaging.com\/wp-content\/uploads\/2021\/09\/BOSQUE.jpg 1200w\" sizes=\"(max-width: 1200px) 100vw, 1200px\" \/><\/span><\/div><\/div><div class=\"fusion-content-boxes content-boxes columns row fusion-columns-1 fusion-columns-total-1 fusion-content-boxes-1 content-boxes-clean-horizontal content-left content-boxes-icon-on-side\" style=\"--awb-margin-top:15px;--awb-margin-bottom:15px;--awb-hover-accent-color:#a72089;--awb-circle-hover-accent-color:#a72089;--awb-item-margin-bottom:40px;\" data-animationOffset=\"top-into-view\"><div style=\"--awb-backgroundcolor:rgba(255,255,255,0);--awb-content-padding-left:62px;border-color:rgba(255,255,255,0);\" class=\"fusion-column content-box-column content-box-column content-box-column-1 col-lg-12 col-md-12 col-sm-12 fusion-content-box-hover content-box-column-last content-box-column-last-in-row\"><div class=\"col content-box-wrapper content-wrapper link-area-link-icon icon-hover-animation-fade\" data-animationOffset=\"top-into-view\"><div class=\"heading heading-with-icon icon-left\"><div class=\"icon\"><i style=\"border-color:#333333;border-width:1px;background-color:#333333;box-sizing:content-box;height:40px;width:40px;line-height:40px;border-radius:50%;font-size:20px;\" aria-hidden=\"true\" class=\"fontawesome-icon fa fa-recycle circle-yes\"><\/i><\/div><\/div><div class=\"fusion-clearfix\"><\/div><div class=\"content-container\"><strong>EMAN S.A., dentro del sector de artes gr\u00e1ficas ofrece una soluci\u00f3n integral en packaging de producto mediante el dise\u00f1o, desarrollo y producci\u00f3n de productos gr\u00e1ficos en papel y cart\u00f3n.<\/strong><\/p>\n<\/div><\/div><\/div><div class=\"fusion-clearfix\"><\/div><\/div><\/div><\/div><div class=\"fusion-clearfix\"><\/div><\/div><\/div><div class=\"fusion-layout-column fusion_builder_column fusion-builder-column-1 fusion_builder_column_2_3 2_3 fusion-two-third fusion-column-first\" style=\"--awb-bg-size:cover;width:65.3333%; margin-right: 4%;\"><div class=\"fusion-column-wrapper fusion-flex-column-wrapper-legacy\"><div class=\"fusion-title title fusion-title-1 sep-underline sep-solid fusion-title-text fusion-title-size-two\" style=\"--awb-margin-top-small:10px;--awb-margin-right-small:0px;--awb-margin-bottom-small:10px;--awb-margin-left-small:0px;\"><h2 class=\"fusion-title-heading title-heading-left\" style=\"margin:0;\">Pol\u00edtica de Sistemas de Gesti\u00f3n<\/h2><\/div><div class=\"fusion-sep-clear\"><\/div><div class=\"fusion-separator fusion-full-width-sep\" style=\"margin-left: auto;margin-right: auto;margin-top:25px;width:100%;\"><\/div><div class=\"fusion-sep-clear\"><\/div><div class=\"fusion-text fusion-text-1\"><p>EMAN S. A, dentro del sector de artes gr\u00e1ficas ofrece una soluci\u00f3n integral en\u00a0packaging de producto mediante el dise\u00f1o, desarrollo y producci\u00f3n de productos\u00a0gr\u00e1ficos en papel y cart\u00f3n.<\/p>\n<p>La Direcci\u00f3n de EMAN consciente de la evoluci\u00f3n permanente del sector, se\u00a0desarrolla en su af\u00e1n por ser una empresa de referencia en packaging en el mercado nacional con un posicionamiento internacional\u00a0cada vez m\u00e1s importante.\u00a0En su voluntad de garantizar la prestaci\u00f3n del servicio y la calidad de sus productos ha establecido en el presente documento su pol\u00edtica\u00a0de la calidad, medio ambiente y seguridad de la informaci\u00f3n.<\/p>\n<p>Nuestros clientes son la clave de nuestro desarrollo, sin olvidar la preocupaci\u00f3n por la conservaci\u00f3n del medio ambiente-el desarrollo\u00a0sostenible y la gesti\u00f3n \u00e9tica socialmente responsable.\u00a0Por este motivo se ha establecido e implantado un Sistema de Gesti\u00f3n de la Calidad y Gesti\u00f3n Ambiental y <span style=\"text-decoration: underline;\">Seguridad de la informaci\u00f3n<\/span>\u00a0en conformidad con los requisitos de las normas UNE-EN-ISO 9001, UNE-EN-ISO 14001, <span style=\"text-decoration: underline;\">ISO-IEC 27001<\/span>, el est\u00e1ndar FSC-STD-40-004 de\u00a0Cadena de Custodia FSC\u00ae(FSC-C1137L2), un compromiso de RSC basado en un C\u00f3digo de Conducta interno y un Compromiso de igualdad de trato y oportunidades entre hombres y mujeres.<\/p>\n<p>Esta pol\u00edtica de Sistemas, se considerada como &#8220;El camino dise\u00f1ado para alcanzar los objetivos&#8221;, se mantiene como informaci\u00f3n\u00a0documentada siendo apropiada al prop\u00f3sito y contexto de la organizaci\u00f3n; incluida la naturaleza, magnitud e impactos ambientales y\u00a0sociales de las actividades, productos y servicios, y apoya la direcci\u00f3n estrat\u00e9gica bas\u00e1ndose en los siguientes compromisos:<\/p>\n<ul>\n<li>Consideraci\u00f3n de las necesidades y expectativas de las partes interesadas.<\/li>\n<li>Mejorar continuamente el sistema de gesti\u00f3n Gesti\u00f3n, de Calidad, Medio Ambiente y Seguridad de la informaci\u00f3n, mediante la implementaci\u00f3n de acciones para lograr los resultados previstos, abordando riesgos y oportunidades con el fin de mejorar el desempe\u00f1o y eficacia del sistema de gesti\u00f3n de la calidad.<\/li>\n<li>Protecci\u00f3n de la informaci\u00f3n en todas sus formas (f\u00edsica, digital, verbal), garantizando su confidencialidad, integridad y disponibilidad.<\/li>\n<li>Gesti\u00f3n de riesgos de seguridad de la informaci\u00f3n, mediante la identificaci\u00f3n, evaluaci\u00f3n y tratamiento de riesgos asociados a la informaci\u00f3n cr\u00edtica y los activos de TI<\/li>\n<li>lmplicaci\u00f3n de las personas en la consecuci\u00f3n de los objetivos y toma de conciencia. Todo el personal de EMAN, S.A. gestiona la Calidad. Cada miembro, en srr nivel de responsabilidad, debe contribuir a desarrollar el trabajo individual y colectivo. Para ello, se dispone de personal responsable y preparado. La Direcci\u00f3n facilita los recursos adecuados y un plan de formaci\u00f3n para el reciclaje y desarrollo de las personas.<\/li>\n<li>lmplicaci\u00f3n de proveedores y subcontratistas, mediante su evaluaci\u00f3n y selecci\u00f3n.<\/li>\n<li>Cumplimiento de la legislaci\u00f3n y reglamentaci\u00f3n aplicable, incluyendo normativa ambiental, de seguridad de la informaci\u00f3n (lSO27001, protecci\u00f3n de datos personales (RGPD), y requisitos contractuales asumidos por la organizaci\u00f3n.<\/li>\n<li>Cumplimiento de los Valores de FSC\u00ae y dem\u00e1s requisitos derivados de la implantaci\u00f3n y mantenimiento de la Cadena de Custodia (normas FSC\u00ae) como son el no uso de trabajo forzoso, respeto a la edad m\u00ednima legal para trabajar y no impedir la igualdad de oportunidades y de trato a los trabajadores y otros requisitos que la organizaci\u00f3n subscriba.<\/li>\n<li>Protecci\u00f3n del medio ambiente y prevenci\u00f3n de la contaminaci\u00f3n, considerando los riesgos asociados a nuestros procesos y actividades, con el fin de brindar las mejores condiciones de trabajo enfocadas tambi\u00e9n a la protecci\u00f3n de la salud de nuestros trabajadores.<\/li>\n<li>Formaci\u00f3n y concienciaci\u00f3n del personal en materia de calidad, medio ambiente y seguridad de la informaci\u00f3n, fomentando la responsabilidad individual y colectiva en la protecci\u00f3n de la informaci\u00f3n y la mejora continua.<\/li>\n<li>Gesti\u00f3n de incidentes de seguridad de la informaci\u00f3n, estableciendo procedimientos para la detecci\u00f3n, respuesta y recuperaci\u00f3n ante incidentes que puedan afectar la seguridad de la informaci\u00f3n o la continuidad del negocio.<\/li>\n<li>Adquirir una serie de compromisos en materia de gesti\u00f3n \u00e9tica y socialmente responsable, de los que har\u00e1 participe a las personas integrantes de la organizaci\u00f3n, as\u00ed como a sus colaboradores. Esto permitir\u00e1 a la organizaci\u00f3n ser socialmente responsable, satisfacer las expectativas de los diferentes grupos de inter\u00e9s, contribuyendo a un desarrollo social y ambientalmente sostenible, y econ\u00f3micamente viable.<\/li>\n<\/ul>\n<p>La Direcci\u00f3n de la Empresa se asegura de que la Pol\u00edtica de los Sistemas de Gesti\u00f3n, es mantenida, comunicada y comprendida por todo\u00a0el personal y est\u00e1 disponible para las partes interesadas, tanto en el centro de trabajo como en la p\u00e1gina web de la empresa.<\/p>\n<h4 style=\"text-align: right;\"><strong><em> Ricardo Sempere Santos<br \/>\n<\/em><\/strong><strong>Director Gerente de EMAN, S.A.<\/strong><\/h4>\n<p style=\"text-align: right;\">Usurbil, 09 de febrero de 2026<\/p>\n<\/div><div class=\"fusion-clearfix\"><\/div><\/div><\/div><div class=\"fusion-layout-column fusion_builder_column fusion-builder-column-2 fusion_builder_column_1_3 1_3 fusion-one-third fusion-column-last\" style=\"--awb-bg-size:cover;width:30.6666%;\"><div class=\"fusion-column-wrapper fusion-flex-column-wrapper-legacy\"><div class=\"fusion-title title fusion-title-2 sep-underline sep-solid fusion-title-text fusion-title-size-two\" style=\"--awb-margin-top-small:10px;--awb-margin-right-small:0px;--awb-margin-bottom-small:10px;--awb-margin-left-small:0px;\"><h2 class=\"fusion-title-heading title-heading-left\" style=\"margin:0;\">Certificados de calidad<\/h2><\/div><div class=\"fusion-sep-clear\"><\/div><div class=\"fusion-separator fusion-full-width-sep\" style=\"margin-left: auto;margin-right: auto;margin-top:25px;width:100%;\"><\/div><div class=\"fusion-sep-clear\"><\/div><div class=\"fusion-image-element fusion-image-align-center in-legacy-container\" style=\"text-align:center;--awb-caption-title-font-family:var(--h2_typography-font-family);--awb-caption-title-font-weight:var(--h2_typography-font-weight);--awb-caption-title-font-style:var(--h2_typography-font-style);--awb-caption-title-size:var(--h2_typography-font-size);--awb-caption-title-transform:var(--h2_typography-text-transform);--awb-caption-title-line-height:var(--h2_typography-line-height);--awb-caption-title-letter-spacing:var(--h2_typography-letter-spacing);\"><div class=\"imageframe-align-center\"><span class=\" fusion-imageframe imageframe-none imageframe-2 hover-type-none\"><a href=\"https:\/\/emanpackaging.com\/wp-content\/uploads\/2025\/05\/CERTIFICADOS_EMAN_2025_SIN-HUELLA-scaled.jpg\" class=\"fusion-lightbox\" data-rel=\"iLightbox[3386b32ce9cf54f1bd5]\" data-title=\"CERTIFICADOS_EMAN_2025_SIN-HUELLA\" title=\"CERTIFICADOS_EMAN_2025_SIN-HUELLA\"><img decoding=\"async\" width=\"2560\" height=\"556\" src=\"https:\/\/emanpackaging.com\/wp-content\/uploads\/2025\/05\/CERTIFICADOS_EMAN_2025_SIN-HUELLA-scaled.jpg\" alt class=\"img-responsive wp-image-35500\" srcset=\"https:\/\/emanpackaging.com\/wp-content\/uploads\/2025\/05\/CERTIFICADOS_EMAN_2025_SIN-HUELLA-200x43.jpg 200w, https:\/\/emanpackaging.com\/wp-content\/uploads\/2025\/05\/CERTIFICADOS_EMAN_2025_SIN-HUELLA-400x87.jpg 400w, https:\/\/emanpackaging.com\/wp-content\/uploads\/2025\/05\/CERTIFICADOS_EMAN_2025_SIN-HUELLA-600x130.jpg 600w, https:\/\/emanpackaging.com\/wp-content\/uploads\/2025\/05\/CERTIFICADOS_EMAN_2025_SIN-HUELLA-800x174.jpg 800w, https:\/\/emanpackaging.com\/wp-content\/uploads\/2025\/05\/CERTIFICADOS_EMAN_2025_SIN-HUELLA-1200x261.jpg 1200w, https:\/\/emanpackaging.com\/wp-content\/uploads\/2025\/05\/CERTIFICADOS_EMAN_2025_SIN-HUELLA-scaled.jpg 2560w\" sizes=\"(max-width: 800px) 100vw, 400px\" \/><\/a><\/span><\/div><\/div><div class=\"fusion-sep-clear\"><\/div><div class=\"fusion-separator fusion-full-width-sep\" style=\"margin-left: auto;margin-right: auto;margin-top:25px;width:100%;\"><\/div><div class=\"fusion-sep-clear\"><\/div><div class=\"fusion-text fusion-text-2\"><p>Desde hace a\u00f1os en Eman Packaging se ha desarrollado e implantado un Sistema de la Calidad y Medio Ambiente en conformidad con los requisitos de las normas ISO 9001, 14001, FSC \u00ae, Certificado EcoVadis e ISO\/IEC 27001:2023.<\/p>\n<p>Ver certificados en pdf:<\/p>\n<ul>\n<li><strong><a href=\"https:\/\/emanpackaging.com\/wp-content\/uploads\/2025\/04\/ISO-9001_EMAN_CAST.pdf\" target=\"_blank\" rel=\"noopener noreferrer\">UNE-EN-ISO-9001<\/a><\/strong><\/li>\n<li><strong><a href=\"https:\/\/emanpackaging.com\/wp-content\/uploads\/2025\/04\/ISO-14001_EMAN_CAST.pdf\" target=\"_blank\" rel=\"noopener noreferrer\">UNE-EN-ISO 14001<\/a><\/strong><\/li>\n<li><a href=\"https:\/\/emanpackaging.com\/wp-content\/uploads\/2025\/05\/ESPAS_060055_CertificateFSC_Final.pdf\" target=\"_blank\" rel=\"noopener noreferrer\"><strong>Certificado FSC \u00ae<\/strong><\/a><\/li>\n<li><a href=\"https:\/\/emanpackaging.com\/wp-content\/uploads\/2025\/04\/medal.png\" target=\"_blank\" rel=\"noopener noreferrer\"><strong>Certificado EcoVadis<\/strong><\/a><\/li>\n<li><strong><a href=\"https:\/\/emanpackaging.com\/wp-content\/uploads\/2025\/05\/SGS_ISO_IEC-27001_2022_ESPAS_000424_ES-1.pdf\">UNE EN ISO\/IEC 27001:2023<\/a><\/strong><\/li>\n<\/ul>\n<\/div><div class=\"fusion-image-element in-legacy-container\" style=\"--awb-caption-title-font-family:var(--h2_typography-font-family);--awb-caption-title-font-weight:var(--h2_typography-font-weight);--awb-caption-title-font-style:var(--h2_typography-font-style);--awb-caption-title-size:var(--h2_typography-font-size);--awb-caption-title-transform:var(--h2_typography-text-transform);--awb-caption-title-line-height:var(--h2_typography-line-height);--awb-caption-title-letter-spacing:var(--h2_typography-letter-spacing);\"><span class=\" fusion-imageframe imageframe-none imageframe-3 hover-type-none\"><a class=\"fusion-no-lightbox\" href=\"https:\/\/emanpackaging.com\/wp-content\/uploads\/2025\/04\/REGISTRO_HUELLA_CARBONO_COMPROMISO_REDUCCION_2019_2020_2021_2022_2023.jpg\" target=\"_blank\" aria-label=\"LOGOS_HUELLA_DE_CARBONO_2023\" rel=\"noopener noreferrer\"><img decoding=\"async\" width=\"1842\" height=\"444\" src=\"https:\/\/emanpackaging.com\/wp-content\/uploads\/2025\/04\/LOGOS_HUELLA_DE_CARBONO_2023.jpg\" alt class=\"img-responsive wp-image-33538\" srcset=\"https:\/\/emanpackaging.com\/wp-content\/uploads\/2025\/04\/LOGOS_HUELLA_DE_CARBONO_2023-200x48.jpg 200w, https:\/\/emanpackaging.com\/wp-content\/uploads\/2025\/04\/LOGOS_HUELLA_DE_CARBONO_2023-400x96.jpg 400w, https:\/\/emanpackaging.com\/wp-content\/uploads\/2025\/04\/LOGOS_HUELLA_DE_CARBONO_2023-600x145.jpg 600w, https:\/\/emanpackaging.com\/wp-content\/uploads\/2025\/04\/LOGOS_HUELLA_DE_CARBONO_2023-800x193.jpg 800w, https:\/\/emanpackaging.com\/wp-content\/uploads\/2025\/04\/LOGOS_HUELLA_DE_CARBONO_2023-1200x289.jpg 1200w, https:\/\/emanpackaging.com\/wp-content\/uploads\/2025\/04\/LOGOS_HUELLA_DE_CARBONO_2023.jpg 1842w\" sizes=\"(max-width: 800px) 100vw, 400px\" \/><\/a><\/span><\/div><div class=\"fusion-text fusion-text-3\"><p>Hemos recibido el reconocimiento del <strong class=\"ContentPasted0\">Fondo de Carbono Voluntario<\/strong> creado por Naturklima y el Departamento de Medio Ambiente de la Diputaci\u00f3n Foral de Gipuzkoa. El Fondo de Carbono es un hito muy importante en <strong class=\"ContentPasted0\">nuestro prop\u00f3sito de alcanzar la neutralidad clim\u00e1tica<\/strong> para el 2050.<\/p>\n<p><a href=\"https:\/\/emanpackaging.com\/wp-content\/uploads\/2026\/03\/NATURKLIMA-2022-2023-2024-2025_OK-scaled.jpg\" target=\"_blank\" rel=\"noopener noreferrer\"><strong>Certificados Fondo de Carbono voluntario de Naturklima 2022, 2023 y 2024<\/strong><\/a><\/p>\n<p><img decoding=\"async\" class=\"alignleft wp-image-42403 size-medium\" src=\"https:\/\/emanpackaging.com\/wp-content\/uploads\/2025\/12\/logo-FCO2-Horizontal-CMYK-300x151.jpg\" alt=\"\" width=\"300\" height=\"151\" srcset=\"https:\/\/emanpackaging.com\/wp-content\/uploads\/2025\/12\/logo-FCO2-Horizontal-CMYK-200x101.jpg 200w, https:\/\/emanpackaging.com\/wp-content\/uploads\/2025\/12\/logo-FCO2-Horizontal-CMYK-300x151.jpg 300w, https:\/\/emanpackaging.com\/wp-content\/uploads\/2025\/12\/logo-FCO2-Horizontal-CMYK-400x201.jpg 400w, https:\/\/emanpackaging.com\/wp-content\/uploads\/2025\/12\/logo-FCO2-Horizontal-CMYK-540x272.jpg 540w, https:\/\/emanpackaging.com\/wp-content\/uploads\/2025\/12\/logo-FCO2-Horizontal-CMYK-600x302.jpg 600w, https:\/\/emanpackaging.com\/wp-content\/uploads\/2025\/12\/logo-FCO2-Horizontal-CMYK-768x386.jpg 768w, https:\/\/emanpackaging.com\/wp-content\/uploads\/2025\/12\/logo-FCO2-Horizontal-CMYK-800x402.jpg 800w, https:\/\/emanpackaging.com\/wp-content\/uploads\/2025\/12\/logo-FCO2-Horizontal-CMYK-1024x515.jpg 1024w, https:\/\/emanpackaging.com\/wp-content\/uploads\/2025\/12\/logo-FCO2-Horizontal-CMYK-1200x604.jpg 1200w, https:\/\/emanpackaging.com\/wp-content\/uploads\/2025\/12\/logo-FCO2-Horizontal-CMYK-1536x773.jpg 1536w\" sizes=\"(max-width: 300px) 100vw, 300px\" \/><\/p>\n<\/div><div class=\"fusion-sep-clear\"><\/div><div class=\"fusion-separator fusion-full-width-sep\" style=\"margin-left: auto;margin-right: auto;margin-top:25px;width:100%;\"><\/div><div class=\"fusion-sep-clear\"><\/div><div class=\"fusion-text fusion-text-4\"><p><a href=\"https:\/\/emanpackaging.com\/wp-content\/uploads\/2025\/12\/Politica-de-Cambio-Climatico-color.pdf\" target=\"_blank\" rel=\"noopener noreferrer\"><strong>Pol\u00edtica De Cambio Clim\u00e1tico<\/strong><\/a><\/p>\n<\/div><div class=\"fusion-clearfix\"><\/div><\/div><\/div><div class=\"fusion-layout-column fusion_builder_column fusion-builder-column-3 fusion_builder_column_1_1 1_1 fusion-one-full fusion-column-first fusion-column-last\" style=\"--awb-bg-size:cover;\"><div class=\"fusion-column-wrapper fusion-flex-column-wrapper-legacy\"><div class=\"fusion-clearfix\"><\/div><\/div><\/div><div class=\"fusion-layout-column fusion_builder_column fusion-builder-column-4 fusion_builder_column_1_1 1_1 fusion-one-full fusion-column-first fusion-column-last fusion-column-no-min-height\" style=\"--awb-bg-size:cover;--awb-margin-bottom:0px;\"><div class=\"fusion-column-wrapper fusion-flex-column-wrapper-legacy\"><div class=\"fusion-image-element in-legacy-container\" style=\"--awb-caption-title-font-family:var(--h2_typography-font-family);--awb-caption-title-font-weight:var(--h2_typography-font-weight);--awb-caption-title-font-style:var(--h2_typography-font-style);--awb-caption-title-size:var(--h2_typography-font-size);--awb-caption-title-transform:var(--h2_typography-text-transform);--awb-caption-title-line-height:var(--h2_typography-line-height);--awb-caption-title-letter-spacing:var(--h2_typography-letter-spacing);\"><span class=\" fusion-imageframe imageframe-none imageframe-4 hover-type-none\"> <img alt=\"\" class=\"img-responsive\"\/><\/span><\/div><div class=\"fusion-clearfix\"><\/div><\/div><\/div><\/div><\/div>\n","protected":false},"excerpt":{"rendered":"","protected":false},"author":1,"featured_media":0,"parent":0,"menu_order":0,"comment_status":"closed","ping_status":"closed","template":"100-width.php","meta":{"_exactmetrics_skip_tracking":false,"_exactmetrics_sitenote_active":false,"_exactmetrics_sitenote_note":"","_exactmetrics_sitenote_category":0,"footnotes":""},"class_list":["post-660","page","type-page","status-publish","hentry"],"_links":{"self":[{"href":"https:\/\/emanpackaging.com\/eu\/wp-json\/wp\/v2\/pages\/660"}],"collection":[{"href":"https:\/\/emanpackaging.com\/eu\/wp-json\/wp\/v2\/pages"}],"about":[{"href":"https:\/\/emanpackaging.com\/eu\/wp-json\/wp\/v2\/types\/page"}],"author":[{"embeddable":true,"href":"https:\/\/emanpackaging.com\/eu\/wp-json\/wp\/v2\/users\/1"}],"replies":[{"embeddable":true,"href":"https:\/\/emanpackaging.com\/eu\/wp-json\/wp\/v2\/comments?post=660"}],"version-history":[{"count":8,"href":"https:\/\/emanpackaging.com\/eu\/wp-json\/wp\/v2\/pages\/660\/revisions"}],"predecessor-version":[{"id":43003,"href":"https:\/\/emanpackaging.com\/eu\/wp-json\/wp\/v2\/pages\/660\/revisions\/43003"}],"wp:attachment":[{"href":"https:\/\/emanpackaging.com\/eu\/wp-json\/wp\/v2\/media?parent=660"}],"curies":[{"name":"wp","href":"https:\/\/api.w.org\/{rel}","templated":true}]}}